{"id":1123,"date":"2021-06-04T08:49:23","date_gmt":"2021-06-04T08:49:23","guid":{"rendered":"https:\/\/adpcosmetics.com\/politica-de-privacidad\/"},"modified":"2023-10-09T14:15:22","modified_gmt":"2023-10-09T14:15:22","slug":"privacy-policy","status":"publish","type":"page","link":"https:\/\/adpcosmetics.com\/es\/privacy-policy\/","title":{"rendered":"Privacy Policy"},"content":{"rendered":"<div class=\"fusion-fullwidth fullwidth-box fusion-builder-row-1 fusion-flex-container nonhundred-percent-fullwidth non-hundred-percent-height-scrolling fusion-no-small-visibility\" style=\"background-color: rgba(255,255,255,0);background-position: center center;background-repeat: no-repeat;border-width: 0px 0px 0px 0px;border-color:#e2e2e2;border-style:solid;\" ><div class=\"fusion-builder-row fusion-row fusion-flex-align-items-flex-start fusion-flex-justify-content-space-around\" style=\"max-width:1331.2px;margin-left: calc(-4% \/ 2 );margin-right: calc(-4% \/ 2 );\"><div class=\"fusion-layout-column fusion_builder_column fusion-builder-column-0 fusion_builder_column_1_1 1_1 fusion-flex-column\"><div class=\"fusion-column-wrapper fusion-flex-justify-content-flex-start fusion-content-layout-column\" style=\"background-position:left top;background-repeat:no-repeat;-webkit-background-size:cover;-moz-background-size:cover;-o-background-size:cover;background-size:cover;padding: 0px 0px 0px 0px;\"><div class=\"fusion-text fusion-text-1\"><h1 style=\"text-align: center;\"><b style=\"color: rgb(245, 156, 17);\">Privacy Policy<\/b><\/h1>\n<p><strong style=\"color: rgb(245, 156, 17);\">1. USER INFORMATION<\/strong><\/p>\n<p><strong style=\"\">Who is the controller of your personal data?<\/strong><br \/>ADVANCED DISPERSED PARTICLES S.L is the Controller of the USER\u2019s personal data and informs him\/her that these data shall be processed in accordance with the provisions of Regulation (EU) 2016\/679 of 27 April (GDPR) and the Organic Law 3\/2018 of 5 December (LOPDGDD).<\/p>\n<p><strong>For what purpose do we process your personal data and why do we do it?<\/strong><br \/>Depending on the form from which we have obtained the personal data, we will process it confidentially for the following purposes:<\/p>\n<p>In the form <strong>Contact<\/strong><\/p>\n<ul>\n<li>Respond to queries or any type of request made by the user through any of the contact methods available at the controller&#8217;s website.<br \/>(for the legitimate interest of the person in charge, art. 6.1.f GDPR)\n<\/li>\n<li>Conduct statistical analysis and market research.<br \/>(for the legitimate interest of the person in charge, art. 6.1.f GDPR)<\/li>\n<\/ul>\n<p><b>For how long will we keep your personal data?<\/b><\/p>\n<p>Data shall be stored for no longer than is necessary to maintain the purpose of the processing or for as long as there are legal prescriptions dictating their custody, and when such purpose is no longer necessary the data shall be erased with appropriate security measures to ensure the anonymization of the data or their complete destruction.<\/p>\n<p><b>To whom do we disclose your personal data?<\/b><\/p>\n<\/p>\n<p><span style=\"background-color: rgba(255, 255, 255, 0); color: var(--body_typography-color); font-family: var(--body_typography-font-family); font-size: var(--body_typography-font-size); font-style: var(--body_typography-font-style,normal); font-weight: var(--body_typography-font-weight); letter-spacing: var(--body_typography-letter-spacing);\">No communication of personal data to third parties is foreseen except, if necessary for the development and execution of <\/span><span style=\"background-color: rgba(255, 255, 255, 0); color: var(--body_typography-color); font-family: var(--body_typography-font-family); font-size: var(--body_typography-font-size); font-style: var(--body_typography-font-style,normal); font-weight: var(--body_typography-font-weight); letter-spacing: var(--body_typography-letter-spacing);\">the purposes of the processing, to our suppliers of services related to communications, with which the CONTROLLER <\/span><span style=\"background-color: rgba(255, 255, 255, 0); color: var(--body_typography-color); font-family: var(--body_typography-font-family); font-size: var(--body_typography-font-size); font-style: var(--body_typography-font-style,normal); font-weight: var(--body_typography-font-weight); letter-spacing: var(--body_typography-letter-spacing);\">has signed the confidentiality and data processor contracts required by current privacy regulations.<\/span><\/p>\n<\/p>\n<p><b>What are your rights?<\/b><\/p>\n<p><span style=\"background-color: rgba(255, 255, 255, 0); color: var(--body_typography-color); font-family: var(--body_typography-font-family); font-size: var(--body_typography-font-size); font-style: var(--body_typography-font-style,normal); font-weight: var(--body_typography-font-weight); letter-spacing: var(--body_typography-letter-spacing);\">The rights of the USER are:<\/span><\/p>\n<\/p>\n<ul>\n<li>Right to withdraw consent at any time.\n<\/li>\n<li><span style=\"background-color: rgba(255, 255, 255, 0); color: var(--body_typography-color); font-family: var(--body_typography-font-family); font-size: var(--body_typography-font-size); font-style: var(--body_typography-font-style,normal); font-weight: var(--body_typography-font-weight); letter-spacing: var(--body_typography-letter-spacing);\">Right of access, rectification, portability and erasure of your data and the limitation or objection to their processing.\n<\/p>\n<p><\/span><\/li>\n<li><span style=\"background-color: rgba(255, 255, 255, 0); color: var(--body_typography-color); font-family: var(--body_typography-font-family); font-size: var(--body_typography-font-size); font-style: var(--body_typography-font-style,normal); font-weight: var(--body_typography-font-weight); letter-spacing: var(--body_typography-letter-spacing);\">The right to file a claim with the Spanish Supervisory Authority (www.aepd.es) if you consider that the processing <\/span><span style=\"background-color: rgba(255, 255, 255, 0); color: var(--body_typography-color); font-family: var(--body_typography-font-family); font-size: var(--body_typography-font-size); font-style: var(--body_typography-font-style,normal); font-weight: var(--body_typography-font-weight); letter-spacing: var(--body_typography-letter-spacing);\">does not comply with the current legislation.<\/span><\/li>\n<\/ul>\n<p><b>Contact information for exercising rights:<\/b><\/p>\n<p>ADVANCED DISPERSED PARTICLES S.L. CALLE DEL ORO, 45 NAVE 13-14 &#8211; 28770 COLMENAR VIEJO (Madrid). E-mail: info@ad-particles.com<\/p>\n<p><span style=\"background-color: rgba(255, 255, 255, 0); color: var(--body_typography-color); font-family: var(--body_typography-font-family); font-size: var(--body_typography-font-size); font-style: var(--body_typography-font-style,normal); letter-spacing: var(--body_typography-letter-spacing);\"><b style=\"color: rgb(245, 156, 17);\">2. COMPULSORY OR OPTIONAL NATURE OF THE INFORMATION PROVIDED BY THE USER<\/b><\/span><\/p>\n<p>The USERS, by marking the corresponding boxes and entering data in the fields, marked with an asterisk (*) in the <span style=\"background-color: rgba(255, 255, 255, 0); color: var(--body_typography-color); font-family: var(--body_typography-font-family); font-size: var(--body_typography-font-size); font-style: var(--body_typography-font-style,normal); font-weight: var(--body_typography-font-weight); letter-spacing: var(--body_typography-letter-spacing);\">contact form or download forms, accept expressly and in a free and unequivocal way that their data are necessary for the <\/span><span style=\"background-color: rgba(255, 255, 255, 0); color: var(--body_typography-color); font-family: var(--body_typography-font-family); font-size: var(--body_typography-font-size); font-style: var(--body_typography-font-style,normal); font-weight: var(--body_typography-font-weight); letter-spacing: var(--body_typography-letter-spacing);\">supplier to meet their request, voluntarily providing their data in the remaining fields. The USER ensures that the <\/span><span style=\"background-color: rgba(255, 255, 255, 0); color: var(--body_typography-color); font-family: var(--body_typography-font-family); font-size: var(--body_typography-font-size); font-style: var(--body_typography-font-style,normal); font-weight: var(--body_typography-font-weight); letter-spacing: var(--body_typography-letter-spacing);\">personal data provided to the CONTROLLER are true and is responsible for communicating any changes to them.<\/span><\/p>\n<p>The CONTROLLER informs that all data requested through the website are mandatory, as they are necessary for the <span style=\"background-color: rgba(255, 255, 255, 0); color: var(--body_typography-color); font-family: var(--body_typography-font-family); font-size: var(--body_typography-font-size); font-style: var(--body_typography-font-style,normal); font-weight: var(--body_typography-font-weight); letter-spacing: var(--body_typography-letter-spacing);\">provision of an optimal service to the USER. In the event that not all of the data is provided, there is no guarantee that <\/span><span style=\"background-color: rgba(255, 255, 255, 0); color: var(--body_typography-color); font-family: var(--body_typography-font-family); font-size: var(--body_typography-font-size); font-style: var(--body_typography-font-style,normal); font-weight: var(--body_typography-font-weight); letter-spacing: var(--body_typography-letter-spacing);\">the information and services provided will be completely adapted to the User\u2019s needs.<\/span><\/p>\n<p><b style=\"color: rgb(245, 156, 17);\">3. SECURITY MEASURES<\/b><\/p>\n<p>That in accordance with the provisions of the current regulations on the protection of personal data, the CONTROLLER <span style=\"background-color: rgba(255, 255, 255, 0); color: var(--body_typography-color); font-family: var(--body_typography-font-family); font-size: var(--body_typography-font-size); font-style: var(--body_typography-font-style,normal); font-weight: var(--body_typography-font-weight); letter-spacing: var(--body_typography-letter-spacing);\">is complying with all the provisions of the GDPR and LOPDGDD regulations for processing the personal data for which <\/span><span style=\"background-color: rgba(255, 255, 255, 0); color: var(--body_typography-color); font-family: var(--body_typography-font-family); font-size: var(--body_typography-font-size); font-style: var(--body_typography-font-style,normal); font-weight: var(--body_typography-font-weight); letter-spacing: var(--body_typography-letter-spacing);\">they are responsible, and is manifestly complying with the principles described in Article 5 of the GDPR, by which they <\/span><span style=\"background-color: rgba(255, 255, 255, 0); color: var(--body_typography-color); font-family: var(--body_typography-font-family); font-size: var(--body_typography-font-size); font-style: var(--body_typography-font-style,normal); font-weight: var(--body_typography-font-weight); letter-spacing: var(--body_typography-letter-spacing);\">are processed in a lawful, fair and transparent manner in relation to the data subject and appropriate, relevant and limited <\/span><span style=\"background-color: rgba(255, 255, 255, 0); color: var(--body_typography-color); font-family: var(--body_typography-font-family); font-size: var(--body_typography-font-size); font-style: var(--body_typography-font-style,normal); font-weight: var(--body_typography-font-weight); letter-spacing: var(--body_typography-letter-spacing);\">to what is necessary in relation to the purposes for which they are processed.<\/span><\/p>\n<p>The CONTROLLER guarantees that all appropriate technical and organisational policies have been implemented to <span style=\"background-color: rgba(255, 255, 255, 0); color: var(--body_typography-color); font-family: var(--body_typography-font-family); font-size: var(--body_typography-font-size); font-style: var(--body_typography-font-style,normal); font-weight: var(--body_typography-font-weight); letter-spacing: var(--body_typography-letter-spacing);\">apply the security measures established by GDPR and LOPDGDD in order to protect the rights and freedoms of the <\/span><span style=\"background-color: rgba(255, 255, 255, 0); color: var(--body_typography-color); font-family: var(--body_typography-font-family); font-size: var(--body_typography-font-size); font-style: var(--body_typography-font-style,normal); font-weight: var(--body_typography-font-weight); letter-spacing: var(--body_typography-letter-spacing);\">USERS, and has communicated the appropriate information for them to be able to exercise their rights and freedoms.<\/span><\/p>\n<p>For more information about privacy safeguards, you can contact the CONTROLLER via ADVANCED DISPERSED <span style=\"background-color: rgba(255, 255, 255, 0); color: var(--body_typography-color); font-family: var(--body_typography-font-family); font-size: var(--body_typography-font-size); font-style: var(--body_typography-font-style,normal); font-weight: var(--body_typography-font-weight); letter-spacing: var(--body_typography-letter-spacing);\">PARTICLES S.L. CALLE DEL ORO, 45 NAVE 13-14 &#8211; 28770 COLMENAR VIEJO (Madrid). E-mail: info@adparticles.<\/span><span style=\"background-color: rgba(255, 255, 255, 0); color: var(--body_typography-color); font-family: var(--body_typography-font-family); font-size: var(--body_typography-font-size); font-style: var(--body_typography-font-style,normal); font-weight: var(--body_typography-font-weight); letter-spacing: var(--body_typography-letter-spacing);\">com<\/span><\/p>\n<\/div><\/div><style type=\"text\/css\">.fusion-body .fusion-builder-column-0{width:100% !important;margin-top : 0px;margin-bottom : 0px;}.fusion-builder-column-0 > .fusion-column-wrapper {padding-top : 0px !important;padding-right : 0px !important;margin-right : 1.92%;padding-bottom : 0px !important;padding-left : 0px !important;margin-left : 1.92%;}@media only screen and (max-width:1024px) {.fusion-body .fusion-builder-column-0{width:100% !important;}.fusion-builder-column-0 > .fusion-column-wrapper {margin-right : 1.92%;margin-left : 1.92%;}}@media only screen and (max-width:640px) {.fusion-body .fusion-builder-column-0{width:100% !important;}.fusion-builder-column-0 > .fusion-column-wrapper {margin-right : 1.92%;margin-left : 1.92%;}}<\/style><\/div><\/div><style type=\"text\/css\">.fusion-body .fusion-flex-container.fusion-builder-row-1{ padding-top : 0px;margin-top : 20px;padding-right : 10%;padding-bottom : 0px;margin-bottom : 20px;padding-left : 10%;}<\/style><\/div><div class=\"fusion-fullwidth fullwidth-box fusion-builder-row-2 fusion-flex-container nonhundred-percent-fullwidth non-hundred-percent-height-scrolling fusion-no-medium-visibility fusion-no-large-visibility\" style=\"background-color: rgba(255,255,255,0);background-position: center center;background-repeat: no-repeat;border-width: 0px 0px 0px 0px;border-color:#e2e2e2;border-style:solid;\" ><div class=\"fusion-builder-row fusion-row fusion-flex-align-items-flex-start\" style=\"max-width:1331.2px;margin-left: calc(-4% \/ 2 );margin-right: calc(-4% \/ 2 );\"><div class=\"fusion-layout-column fusion_builder_column fusion-builder-column-1 fusion_builder_column_1_1 1_1 fusion-flex-column\"><div class=\"fusion-column-wrapper fusion-flex-justify-content-flex-start fusion-content-layout-column\" style=\"background-position:left top;background-repeat:no-repeat;-webkit-background-size:cover;-moz-background-size:cover;-o-background-size:cover;background-size:cover;padding: 0px 0px 0px 0px;\"><div class=\"fusion-text fusion-text-2\"><h1 class=\"gris\" style=\"text-align: center;\">Privacy Policy<\/h1>\n<h3 style=\"text-align: center;\">1. TRATAMIENTO DE DATOS PERSONALES<\/h3>\n<p style=\"text-align: center;\"><span class=\"negrita\">ADVANCED DISPERSED PARTICLES S.L<\/span>\u00a0es el\u00a0<span class=\"negrita\">Responsable del tratamiento<\/span>\u00a0de los datos personales del\u00a0<span class=\"negrita\">Interesado<\/span>\u00a0y le informa de que estos datos ser\u00e1n tratados de conformidad con lo dispuesto en el Reglamento (UE) 2016\/679, de 27 de abril de 2016 (GDPR), por lo que se le facilita la siguiente informaci\u00f3n del tratamiento:<\/p>\n<p style=\"text-align: center;\"><span class=\"negrita\">Fines del tratamiento:<\/span>\u00a0seg\u00fan se especifica en el apartado de cookies que se utilizan en este sitio web.<\/p>\n<p style=\"text-align: center;\"><span class=\"negrita\">Legitimaci\u00f3n del tratamiento:<\/span>\u00a0por consentimiento del interesado (art. 6.1 GDPR).<\/p>\n<p style=\"text-align: center;\"><span class=\"negrita\">Criterios de conservaci\u00f3n de los datos:<\/span>\u00a0seg\u00fan se especifica en el apartado de cookies utilizadas en la web.<\/p>\n<p style=\"text-align: center;\"><span class=\"negrita\">Comunicaci\u00f3n de los datos:<\/span>\u00a0no se comunicar\u00e1n los datos a terceros, excepto en cookies propiedad de terceros o por obligaci\u00f3n legal.<\/p>\n<p style=\"text-align: center;\"><span class=\"negrita\">Derechos que asisten al Interesado:<\/span><\/p>\n<ul style=\"text-align: center;\">\n<li>Derecho a retirar el consentimiento en cualquier momento.<\/li>\n<li>Derecho de acceso, rectificaci\u00f3n, portabilidad y supresi\u00f3n de sus datos, y de limitaci\u00f3n u oposici\u00f3n a su tratamiento.<\/li>\n<li>Derecho a presentar una reclamaci\u00f3n ante la Autoridad de control (www.aepd.es) si considera que el tratamiento no se ajusta a la normativa vigente.<\/li>\n<\/ul>\n<p style=\"text-align: center;\"><span class=\"negrita\">Datos de contacto para ejercer sus derechos:<\/span><\/p>\n<p style=\"text-align: center;\">ADVANCED DISPERSED PARTICLES S.L. CALLE DEL ORO, 45 NAVE 14 &#8211; 28770 COLMENAR VIEJO (Madrid). E-mail: info@ad-particles.com<\/p>\n<h3 style=\"text-align: center;\">2. CAR\u00c1CTER OBLIGATORIO O FACULTATIVO DE LA INFORMACI\u00d3N FACILITADA POR EL USUARIO<\/h3>\n<p style=\"text-align: center;\">Los Usuarios, mediante la marcaci\u00f3n de las casillas correspondientes y entrada de datos en los campos, marcados con un asterisco (*) en el formulario de contacto o presentados en formularios de descarga, aceptan expresamente y de forma libre e inequ\u00edvoca, que sus datos son necesarios para atender su petici\u00f3n, por parte del prestador, siendo voluntaria la inclusi\u00f3n de datos en los campos restantes. El Usuario garantiza que los datos personales facilitados al RESPONSABLE son veraces y se hace responsable de comunicar cualquier modificaci\u00f3n de los mismos. El RESPONSABLE informa y garantiza expresamente a los usuarios que sus datos personales no ser\u00e1n cedidos en ning\u00fan caso a terceros, y que siempre que realizara alg\u00fan tipo de cesi\u00f3n de datos personales, se pedir\u00e1 previamente el consentimiento expreso, informado e inequ\u00edvoco por parte los Usuarios. Todos los datos solicitados a trav\u00e9s del sitio web son obligatorios, ya que son necesarios para la prestaci\u00f3n de un servicio \u00f3ptimo al Usuario. En caso de que no sean facilitados todos los datos, no se garantiza que la informaci\u00f3n y servicios facilitados sean completamente ajustados a sus necesidades. 3. MEDIDAS DE SEGURIDAD Que de conformidad con lo dispuesto en las normativas vigentes en protecci\u00f3n de datos personales, el RESPONSABLE est\u00e1 cumpliendo con todas las disposiciones de las normativas GDPR para el tratamiento de los datos personales de su responsabilidad, y manifiestamente con los principios descritos en el art\u00edculo 5 del GDPR, por los cuales son tratados de manera l\u00edcita, leal y transparente en relaci\u00f3n con el interesado y adecuados, pertinentes y limitados a lo necesario en relaci\u00f3n con los fines para los que son tratados. El RESPONSABLE garantiza que ha implementado pol\u00edticas t\u00e9cnicas y organizativas apropiadas para aplicar las medidas de seguridad que establecen el GDPR con el fin de proteger los derechos y libertades de los Usuarios y les ha comunicado la informaci\u00f3n adecuada para que puedan ejercerlos.<\/p>\n<p style=\"text-align: center;\">Los Usuarios, mediante la marcaci\u00f3n de las casillas correspondientes y entrada de datos en los campos, marcados con un asterisco (*) en el formulario de contacto o presentados en formularios de descarga, aceptan expresamente y de forma libre e inequ\u00edvoca, que sus datos son necesarios para atender su petici\u00f3n, por parte del prestador, siendo voluntaria la inclusi\u00f3n de datos en los campos restantes. El Usuario garantiza que los datos personales facilitados al RESPONSABLE son veraces y se hace responsable de comunicar cualquier modificaci\u00f3n de los mismos.<\/p>\n<p style=\"text-align: center;\">El RESPONSABLE informa y garantiza expresamente a los usuarios que sus datos personales no ser\u00e1n cedidos en ning\u00fan caso a terceros, y que siempre que realizara alg\u00fan tipo de cesi\u00f3n de datos personales, se pedir\u00e1 previamente el consentimiento expreso, informado e inequ\u00edvoco por parte los Usuarios. Todos los datos solicitados a trav\u00e9s del sitio web son obligatorios, ya que son necesarios para la prestaci\u00f3n de un servicio \u00f3ptimo al Usuario. En caso de que no sean facilitados todos los datos, no se garantiza que la informaci\u00f3n y servicios facilitados sean completamente ajustados a sus necesidades.<\/p>\n<h3 style=\"text-align: center;\">3. MEDIDAS DE SEGURIDAD<\/h3>\n<p style=\"text-align: center;\">Que de conformidad con lo dispuesto en las normativas vigentes en protecci\u00f3n de datos personales, el RESPONSABLE est\u00e1 cumpliendo con todas las disposiciones de las normativas GDPR para el tratamiento de los datos personales de su responsabilidad, y manifiestamente con los principios descritos en el art\u00edculo 5 del GDPR, por los cuales son tratados de manera l\u00edcita, leal y transparente en relaci\u00f3n con el interesado y adecuados, pertinentes y limitados a lo necesario en relaci\u00f3n con los fines para los que son tratados.<\/p>\n<p style=\"text-align: center;\">El RESPONSABLE garantiza que ha implementado pol\u00edticas t\u00e9cnicas y organizativas apropiadas para aplicar las medidas de seguridad que establecen el GDPR con el fin de proteger los derechos y libertades de los Usuarios y les ha comunicado la informaci\u00f3n adecuada para que puedan ejercerlos.<\/p>\n<\/div><\/div><style type=\"text\/css\">.fusion-body .fusion-builder-column-1{width:100% !important;margin-top : 0px;margin-bottom : 0px;}.fusion-builder-column-1 > .fusion-column-wrapper {padding-top : 0px !important;padding-right : 0px !important;margin-right : 1.92%;padding-bottom : 0px !important;padding-left : 0px !important;margin-left : 1.92%;}@media only screen and (max-width:1024px) {.fusion-body .fusion-builder-column-1{width:100% !important;}.fusion-builder-column-1 > .fusion-column-wrapper {margin-right : 1.92%;margin-left : 1.92%;}}@media only screen and (max-width:640px) {.fusion-body .fusion-builder-column-1{width:100% !important;}.fusion-builder-column-1 > .fusion-column-wrapper {margin-right : 1.92%;margin-left : 1.92%;}}<\/style><\/div><\/div><style type=\"text\/css\">.fusion-body .fusion-flex-container.fusion-builder-row-2{ padding-top : 0px;margin-top : 20px;padding-right : 5%;padding-bottom : 0px;margin-bottom : 20px;padding-left : 5%;}<\/style><\/div>\n","protected":false},"excerpt":{"rendered":"","protected":false},"author":1,"featured_media":0,"parent":0,"menu_order":0,"comment_status":"closed","ping_status":"closed","template":"","meta":[],"_links":{"self":[{"href":"https:\/\/adpcosmetics.com\/es\/wp-json\/wp\/v2\/pages\/1123"}],"collection":[{"href":"https:\/\/adpcosmetics.com\/es\/wp-json\/wp\/v2\/pages"}],"about":[{"href":"https:\/\/adpcosmetics.com\/es\/wp-json\/wp\/v2\/types\/page"}],"author":[{"embeddable":true,"href":"https:\/\/adpcosmetics.com\/es\/wp-json\/wp\/v2\/users\/1"}],"replies":[{"embeddable":true,"href":"https:\/\/adpcosmetics.com\/es\/wp-json\/wp\/v2\/comments?post=1123"}],"version-history":[{"count":2,"href":"https:\/\/adpcosmetics.com\/es\/wp-json\/wp\/v2\/pages\/1123\/revisions"}],"predecessor-version":[{"id":2850,"href":"https:\/\/adpcosmetics.com\/es\/wp-json\/wp\/v2\/pages\/1123\/revisions\/2850"}],"wp:attachment":[{"href":"https:\/\/adpcosmetics.com\/es\/wp-json\/wp\/v2\/media?parent=1123"}],"curies":[{"name":"wp","href":"https:\/\/api.w.org\/{rel}","templated":true}]}}