{"id":1137,"date":"2021-06-04T08:49:42","date_gmt":"2021-06-04T08:49:42","guid":{"rendered":"https:\/\/adpcosmetics.com\/politica-de-cookies\/"},"modified":"2021-07-15T09:00:45","modified_gmt":"2021-07-15T09:00:45","slug":"cookies","status":"publish","type":"page","link":"https:\/\/adpcosmetics.com\/es\/cookies\/","title":{"rendered":"Cookies"},"content":{"rendered":"<div class=\"fusion-fullwidth fullwidth-box fusion-builder-row-1 fusion-flex-container nonhundred-percent-fullwidth non-hundred-percent-height-scrolling fusion-no-small-visibility\" style=\"background-color: rgba(255,255,255,0);background-position: center center;background-repeat: no-repeat;border-width: 0px 0px 0px 0px;border-color:#e2e2e2;border-style:solid;\" ><div class=\"fusion-builder-row fusion-row fusion-flex-align-items-flex-start\" style=\"max-width:1331.2px;margin-left: calc(-4% \/ 2 );margin-right: calc(-4% \/ 2 );\"><div class=\"fusion-layout-column fusion_builder_column fusion-builder-column-0 fusion_builder_column_1_1 1_1 fusion-flex-column\"><div class=\"fusion-column-wrapper fusion-flex-justify-content-flex-start fusion-content-layout-column\" style=\"background-position:left top;background-repeat:no-repeat;-webkit-background-size:cover;-moz-background-size:cover;-o-background-size:cover;background-size:cover;padding: 0px 0px 0px 0px;\"><div class=\"fusion-text fusion-text-1\"><h1 style=\"text-align: center;\"><strong>Cookies policy<\/strong><\/h1>\n<h3 style=\"text-align: center;\"><strong>INFORMATION ABOUT COOKIES<\/strong><\/h3>\n<p>Due to the entry into force of the reference modification of the \u00abLaw of Services of the Information Society\u00bb (LSSICE) established by Royal Decree 13\/2012, it is mandatory to obtain the express consent of the user of all web pages that use dispensable cookies, before the user navigates through them.<\/p>\n<p style=\"text-align: center;\"><strong>WHAT ARE COOKIES?<\/strong><\/p>\n<p>Cookies and other similar technologies such as local shared objects, flash cookies or pixels, are tools used by Web servers to store and retrieve information about their visitors, as well as to offer a correct operation of the site.<\/p>\n<p>By using these devices, the Web server is allowed to remember some data concerning the users, such as their preferences for viewing the server\u2019s page, their name and password, products that interest them most, etc.<\/p>\n<h3 style=\"text-align: center;\"><strong>COOKIES AFFECTED BY THE REGULATIONS AND EXCEPTED COOKIES<\/strong><\/h3>\n<p>According to the EU directive, cookies that require the informed consent by the user are analytical cookies and those for advertising and affiliation, excepting those of a technical nature and those necessary for the operation of the website or the provision of services expressly requested by the user.<\/p>\n<h3 style=\"text-align: center;\"><strong>WHAT TYPES OF COOKIES ARE THERE?<\/strong><\/h3>\n<p><strong>ACCORDING TO THE PURPOSE:<\/strong><\/p>\n<ul>\n<li><strong> Technical and functional cookies:<\/strong> are those that allow the user to navigate through a web page, platform or application and use the different options or services that exist in it.<\/li>\n<li><strong>Analytical cookies:<\/strong> these are those that allow the person responsible for them to monitor and analyze the behavior of the users of the websites to which they are linked. The information collected through this type of cookies is used to measure the activity of the websites, application or platform and to create navigation profiles of the users of said sites, applications and platforms, in order to introduce improvements in function of the analysis of the usage data made by the users of the service.<\/li>\n<li><strong>Advertising cookies:<\/strong> are those that allow the management, in the most efficient way possible, of the advertising spaces that, where appropriate, the editor has included in a web page, application or platform from which the requested service is provided based on criteria such as edited content or how often ads are shown.<\/li>\n<li><strong> Behavioral advertising cookies:<\/strong> they collect information about the preferences and personal choices of the user (retargeting) to allow the management, in the most efficient way possible, of the advertising spaces that, where appropriate, the editor has included in a web page, application or platform from which the requested service is provided.<\/li>\n<li><strong> Social cookies<\/strong>: they are set by the social media platforms on the services to allow you to share content with your friends and networks. Social media platforms have the ability to track your online activity outside of the Services. This may affect the content and messages that you see on other services that you visit.<\/li>\n<li><strong> Affiliate cookies:<\/strong> they allow you to track visits from other websites, with which the website establishes an affiliation contract (affiliate companies).<\/li>\n<li><strong> Security cookies:<\/strong> they store encrypted information to prevent the data stored in them from being vulnerable to malicious attacks from third parties.<\/li>\n<\/ul>\n<p><strong>ACCORDING TO THE PURPOSE:<\/strong><\/p>\n<ul>\n<li><strong> Own cookies:<\/strong> are those that are sent to the user&#8217;s terminal equipment from a computer or domain managed by the editor itself and from which the service requested by the user is provided.<\/li>\n<li><strong>Third-party cookies:<\/strong> are those that are sent to the user&#8217;s terminal equipment from a computer or domain that is not managed by the editor, but by another entity that processes the data obtained through cookies.<\/li>\n<\/ul>\n<p><strong>ACCORDING TO THE CONSERVATION PERIOD<\/strong><\/p>\n<ul>\n<li><strong>Session cookies:<\/strong> are those designed to collect and store data while the user accesses a web page.<\/li>\n<li><strong>Persistent cookies:<\/strong> are those in which the data is still stored in the terminal and can be accessed and processed during a period defined by the person responsible for the cookie, which can range from a few minutes to several years.<\/li>\n<\/ul>\n<p><strong>COOKIES USED ON THIS WEBSITE<\/strong><\/p>\n<ul>\n<li>PHPSESSID: technical and strictly necessary cookie that contains the identifier of the session. It is erased when the browser is closed.<\/li>\n<li>_lang: technical and strictly necessary cookie that contains the session language. It is erased when the browser is closed.<\/li>\n<li>ac_cookies: technical and strictly necessary cookie that contains the value of whether the installation of cookies has been accepted. It expires in 1 year from the last update.<\/li>\n<li>_utma: Google Analytics cookie that records the date of the first and last time the user visited the website. It expires 2 years from the last update.<\/li>\n<li>_utmb: Google Analytics cookie that records the arrival time to the website. It expires 30 minutes after the last update.<\/li>\n<li>_utmc: Google Analytics cookie used for interoperability with the urchin.js tracking code. It is removed when closing the browser.<\/li>\n<li>_utmt: Google Analytics cookie. This cookie is used to process the type of request requested by the user. It expires at the end of the session.<\/li>\n<li>_utmv: Google Analytics cookie. This cookie is used to segment demographic data. It expires at the end of the session.<\/li>\n<li>_utmz: Google Analytics cookie that stores the source of traffic or a campaign to explain how the user got to reached the website. It expires 6 months after the last update.<\/li>\n<\/ul>\n<p style=\"text-align: center;\"><strong>HOW TO MANAGE COOKIES FROM THE BROWSER<\/strong><\/p>\n<p><strong>Delete device cookies<\/strong><\/p>\n<p>Cookies that are already installed on a device can be removed by clearing the browser history, thereby removing cookies from all visited websites.<\/p>\n<p>However, some of the saved information may also be lost (for example, login details or website preferences).<\/p>\n<p><strong>Manage site specific cookies<\/strong><\/p>\n<p>To have a more precise control of the specific cookies of each site, users can adjust their privacy and cookie settings in the browser.<\/p>\n<p><strong>Block cookies<\/strong><\/p>\n<p>Although most modern browsers can be configured to prevent cookies from being installed on a device, this may force the manual adjustment of certain preferences each time a site or page is visited. In addition, some services and features may not work properly (for example, profiled logins).<\/p>\n<p style=\"text-align: center;\"><strong>HOW TO REMOVE COOKIES FROM THE MOST COMMON BROWSERS<\/strong><\/p>\n<p>Chrome: http:\/\/support.google.com\/chrome\/answer\/95647?hl=es<\/p>\n<p>Internet Explorer: https:\/\/support.microsoft.com\/es-es\/help\/278835\/how-to-delete-cookie-files-in-internet-explorer<\/p>\n<p>Firefox: https:\/\/www.mozilla.org\/es-ES\/privacy\/websites\/#cookies<\/p>\n<p>Safari: https:\/\/support.apple.com\/es-es\/guide\/safari\/sfri11471\/mac<\/p>\n<p>Opera: Opera https:\/\/help.opera.com\/en\/latest\/security-and-privacy\/#clearBrowsingData<\/p>\n<\/div><\/div><style type=\"text\/css\">.fusion-body .fusion-builder-column-0{width:100% !important;margin-top : 0px;margin-bottom : 0px;}.fusion-builder-column-0 > .fusion-column-wrapper {padding-top : 0px !important;padding-right : 0px !important;margin-right : 1.92%;padding-bottom : 0px !important;padding-left : 0px !important;margin-left : 1.92%;}@media only screen and (max-width:1024px) {.fusion-body .fusion-builder-column-0{width:100% !important;}.fusion-builder-column-0 > .fusion-column-wrapper {margin-right : 1.92%;margin-left : 1.92%;}}@media only screen and (max-width:640px) {.fusion-body .fusion-builder-column-0{width:100% !important;}.fusion-builder-column-0 > .fusion-column-wrapper {margin-right : 1.92%;margin-left : 1.92%;}}<\/style><\/div><\/div><style type=\"text\/css\">.fusion-body .fusion-flex-container.fusion-builder-row-1{ padding-top : 0px;margin-top : 20px;padding-right : 5%;padding-bottom : 0px;margin-bottom : 20px;padding-left : 5%;}<\/style><\/div><div class=\"fusion-fullwidth fullwidth-box fusion-builder-row-2 fusion-flex-container nonhundred-percent-fullwidth non-hundred-percent-height-scrolling fusion-no-medium-visibility fusion-no-large-visibility\" style=\"background-color: rgba(255,255,255,0);background-position: center center;background-repeat: no-repeat;border-width: 0px 0px 0px 0px;border-color:#e2e2e2;border-style:solid;\" ><div class=\"fusion-builder-row fusion-row fusion-flex-align-items-flex-start\" style=\"max-width:1331.2px;margin-left: calc(-4% \/ 2 );margin-right: calc(-4% \/ 2 );\"><div class=\"fusion-layout-column fusion_builder_column fusion-builder-column-1 fusion_builder_column_1_1 1_1 fusion-flex-column\"><div class=\"fusion-column-wrapper fusion-flex-justify-content-flex-start fusion-content-layout-column\" style=\"background-position:left top;background-repeat:no-repeat;-webkit-background-size:cover;-moz-background-size:cover;-o-background-size:cover;background-size:cover;padding: 0px 0px 0px 0px;\"><div class=\"fusion-text fusion-text-2\"><h1 class=\"gris\" style=\"text-align: center;\">Pol\u00edtica de cookies<\/h1>\n<h3 style=\"text-align: center;\">INFORMACI\u00d3N SOBRE COOKIES<\/h3>\n<p class=\"left\" style=\"text-align: center;\">Debido a la entrada en vigor de la referente modificaci\u00f3n de la \u201cLey de Servicios de la Sociedad de la Informaci\u00f3n\u201d (LSSICE) establecida por el Real Decreto 13\/2012, es de obligaci\u00f3n obtener el consentimiento expreso del usuario de todas las p\u00e1ginas web que usan cookies prescindibles, antes de que \u00e9ste navegue por ellas.<\/p>\n<h3 style=\"text-align: center;\">\u00bfQU\u00c9 SON LAS COOKIES?<\/h3>\n<p class=\"left\" style=\"text-align: center;\">Las cookies y otras tecnolog\u00edas similares tales como local shared objects, flash cookies o p\u00edxeles, son herramientas empleadas por los servidores Web para almacenar y recuperar informaci\u00f3n acerca de sus visitantes, as\u00ed como para ofrecer un correcto funcionamiento del sitio.<\/p>\n<p class=\"left\" style=\"text-align: center;\">Mediante el uso de estos dispositivos se permite al servidor Web recordar algunos datos concernientes al usuario, como sus preferencias para la visualizaci\u00f3n de las p\u00e1ginas de ese servidor, nombre y contrase\u00f1a, productos que m\u00e1s le interesan, etc.<\/p>\n<h3 style=\"text-align: center;\">COOKIES AFECTADAS POR LA NORMATIVA Y COOKIES EXCEPTUADAS<\/h3>\n<p class=\"left\" style=\"text-align: center;\">Seg\u00fan la directiva de la UE, las cookies que requieren el consentimiento informado por parte del usuario son las cookies de anal\u00edtica y las de publicidad y afiliaci\u00f3n, quedando exceptuadas las de car\u00e1cter t\u00e9cnico y las necesarias para el funcionamiento del sitio web o la prestaci\u00f3n de servicios expresamente solicitados por el usuario.<\/p>\n<h3 style=\"text-align: center;\">\u00bfQU\u00c9 TIPOS DE COOKIES EXISTEN?<\/h3>\n<p class=\"negrita\" style=\"text-align: center;\">SEG\u00daN LA FINALIDAD:<\/p>\n<p style=\"text-align: center;\"><span class=\"negrita\">\u2022 Cookies t\u00e9cnicas y funcionales:<\/span>\u00a0son aquellas que permiten al usuario la navegaci\u00f3n a trav\u00e9s de una p\u00e1gina web, plataforma o aplicaci\u00f3n y la utilizaci\u00f3n de las diferentes opciones o servicios que en ella existan.<\/p>\n<p style=\"text-align: center;\"><span class=\"negrita\">\u2022 Cookies anal\u00edticas:<\/span>\u00a0son aquellas que permiten al responsable de las mismas el seguimiento y an\u00e1lisis del comportamiento de los usuarios de los sitios web a los que est\u00e1n vinculadas. La informaci\u00f3n recogida mediante este tipo de cookies se utiliza en la medici\u00f3n de la actividad de los sitios web, aplicaci\u00f3n o plataforma y para la elaboraci\u00f3n de perfiles de navegaci\u00f3n de los usuarios de dichos sitios, aplicaciones y plataformas, con el fin de introducir mejoras en funci\u00f3n del an\u00e1lisis de los datos de uso que hacen los usuarios del servicio.<\/p>\n<p style=\"text-align: center;\"><span class=\"negrita\">\u2022 Cookies publicitarias:<\/span>\u00a0son aquellas que permiten la gesti\u00f3n, de la forma m\u00e1s eficaz posible, de los espacios publicitarios que, en su caso, el editor haya incluido en una p\u00e1gina web, aplicaci\u00f3n o plataforma desde la que presta el servicio solicitado en base a criterios como el contenido editado o la frecuencia en la que se muestran los anuncios.<\/p>\n<p style=\"text-align: center;\"><span class=\"negrita\">\u2022 Cookies de publicidad comportamental:<\/span>\u00a0recogen informaci\u00f3n sobre las preferencias y elecciones personales del usuario (retargeting) para permitir la gesti\u00f3n, de la forma m\u00e1s eficaz posible, de los espacios publicitarios que, en su caso, el editor haya incluido en una p\u00e1gina web, aplicaci\u00f3n o plataforma desde la que presta el servicio solicitado.<\/p>\n<p style=\"text-align: center;\"><span class=\"negrita\">\u2022 Cookies sociales:<\/span>\u00a0son establecidas por las plataformas de redes sociales en los servicios para permitirle compartir contenido con sus amigos y redes. Las plataformas de medios sociales tienen la capacidad de rastrear su actividad en l\u00ednea fuera de los Servicios. Esto puede afectar al contenido y los mensajes que ve en otros servicios que visita.<\/p>\n<p style=\"text-align: center;\"><span class=\"negrita\">\u2022 Cookies de afiliados:<\/span>\u00a0permiten hacer un seguimiento de las visitas procedentes de otras webs, con las que el sitio web establece un contrato de afiliaci\u00f3n (empresas de afiliaci\u00f3n).<\/p>\n<p style=\"text-align: center;\"><span class=\"negrita\">\u2022 Cookies de seguridad:<\/span>\u00a0almacenan informaci\u00f3n cifrada para evitar que los datos guardados en ellas sean vulnerables a ataques maliciosos de terceros.<\/p>\n<p class=\"negrita\" style=\"text-align: center;\">SEG\u00daN LA FINALIDAD:<\/p>\n<p style=\"text-align: center;\"><span class=\"negrita\">\u2022 Cookies propias:<\/span>\u00a0son aquellas que se env\u00edan al equipo terminal del usuario desde un equipo o dominio gestionado por el propio editor y desde el que se presta el servicio solicitado por el usuario.<\/p>\n<p style=\"text-align: center;\"><span class=\"negrita\">\u2022 Cookies de terceros:<\/span>\u00a0son aquellas que se env\u00edan al equipo terminal del usuario desde un equipo o dominio que no es gestionado por el editor, sino por otra entidad que trata los datos obtenidos trav\u00e9s de las cookies.<\/p>\n<p class=\"negrita\" style=\"text-align: center;\">SEG\u00daN EL PLAZO DE CONSERVACI\u00d3N<\/p>\n<p style=\"text-align: center;\"><span class=\"negrita\">\u2022 Cookies de sesi\u00f3n:<\/span>\u00a0son un tipo de cookies dise\u00f1adas para recabar y almacenar datos mientras el usuario accede a una p\u00e1gina web.<\/p>\n<p style=\"text-align: center;\"><span class=\"negrita\">\u2022 Cookies persistentes:<\/span>\u00a0son un tipo de cookies en el que los datos siguen almacenados en el terminal y pueden ser accedidos y tratados durante un per\u00edodo definido por el responsable de la cookie, y que puede ir de unos minutos a varios a\u00f1os.<\/p>\n<h3 style=\"text-align: center;\">COOKIES QUE SE UTILIZAN EN ESTE SITIO WEB<\/h3>\n<p style=\"text-align: center;\">\u2022 PHPSESSID: cookie t\u00e9cnica y estrictamente necesaria que contiene el identificador de la sesi\u00f3n. Se elimina al cerrar el navegador.<\/p>\n<p style=\"text-align: center;\">\u2022 _lang: cookie t\u00e9cnica y estrictamente necesaria que contiene el idioma de la sesi\u00f3n. Se elimina al cerrar el navegador.<\/p>\n<p style=\"text-align: center;\">\u2022 ac_cookies: cookie t\u00e9cnica y estrictamente necesaria que contiene el valor de si se ha aceptado la instalaci\u00f3n de cookies. Caduca en 1 a\u00f1o desde la \u00faltima actualizaci\u00f3n.<\/p>\n<p style=\"text-align: center;\">\u2022 _utma: cookie de Google Analytics que registra la fecha de la primera y \u00faltima vez que el usuario visti\u00f3 el sitio web. Caduca a los 2 a\u00f1os desde la \u00faltima actualizaci\u00f3n.<\/p>\n<p style=\"text-align: center;\">\u2022 _utmb: cookie de Google Analytics que registra la hora de llegada a la p\u00e1gina web. Caduca a los 30 minutos desde la \u00faltima actualizaci\u00f3n.<\/p>\n<p style=\"text-align: center;\">\u2022 _utmc: cookie de Google Analytics utilizada para la interoperabilidad con el c\u00f3digo de seguimiento urchin.js. Se elimina al cerrar el navegador.<\/p>\n<p style=\"text-align: center;\">\u2022 _utmt: cookie de Google Analytics. Esta cookie se utiliza para procesar el tipo de solicitud pedida por el usuario. Caduca al finalizar la sesi\u00f3n.<\/p>\n<p style=\"text-align: center;\">\u2022 _utmv: cookie de Google Analytics. Esta cookie se utiliza para segmentar datos demogr\u00e1ficos. Caduca al finalizar la sesi\u00f3n.<\/p>\n<p style=\"text-align: center;\">\u2022 _utmz: cookie de Google Analytics que almacena la fuente de tr\u00e1fico o una campa\u00f1a para explicar c\u00f3mo el usuario lleg\u00f3 al sitio web. Caduca a los 6 meses desde la \u00faltima actualizaci\u00f3n.<\/p>\n<div class=\"table-2\">\n<table width=\"100%\">\n<tbody>\n<tr>\n<th colspan=\"2\"><strong><span style=\"color: #575756;\">C\u00d3MO GESTIONAR LAS COOKIES DESDE EL NAVEGADOR<\/span><\/strong><\/th>\n<\/tr>\n<tr>\n<td width=\"35%\">\n<p class=\"negrita\">Eliminar las cookies del dispositivo<\/p>\n<\/td>\n<td>Las cookies que ya est\u00e1n en un dispositivo se pueden eliminar borrando el historial del navegador, con lo que se suprimen las cookies de todos los sitios web visitados.<\/p>\n<p>Sin embargo, tambi\u00e9n se puede perder parte de la informaci\u00f3n guardada (por ejemplo, los datos de inicio de sesi\u00f3n o las preferencias de sitio web).<\/td>\n<\/tr>\n<tr>\n<td>\n<p class=\"negrita\">Gestionar las cookies espec\u00edficas del sitio<\/p>\n<\/td>\n<td>Para tener un control m\u00e1s preciso de las cookies espec\u00edficas de cada sitio, los usuarios pueden ajustar su configuraci\u00f3n de privacidad y cookies en el navegador.<\/td>\n<\/tr>\n<tr>\n<td>\n<p class=\"negrita\">Bloquear las cookies<\/p>\n<\/td>\n<td>Aunque la mayor\u00eda de los navegadores modernos se pueden configurar para evitar que se instalen cookies en los dispositivos, eso puede obligar al ajuste manual de determinadas preferencias cada vez que se visite un sitio o p\u00e1gina. Adem\u00e1s, algunos servicios y caracter\u00edsticas pueden no funcionar correctamente (por ejemplo, los inicios de sesi\u00f3n con perfil).<\/td>\n<\/tr>\n<tr>\n<th colspan=\"2\"><span style=\"color: #575756;\"><strong>C\u00d3MO ELIMINAR LAS COOKIES DE LOS NAVEGADORES M\u00c1S COMUNES<\/strong><\/span><\/th>\n<\/tr>\n<tr>\n<td>\n<p class=\"negrita\">Chrome<\/p>\n<\/td>\n<td><a href=\"http:\/\/support.google.com\/chrome\/answer\/95647?hl=es\" target=\"_blank\" rel=\"noopener\">http:\/\/support.google.com\/chrome\/answer\/95647?hl=es<\/a><\/td>\n<\/tr>\n<tr>\n<td>\n<p class=\"negrita\">Internet Explorer. Versi\u00f3n 11<\/p>\n<\/td>\n<td><a href=\"https:\/\/support.microsoft.com\/es-es\/help\/278835\/how-to-delete-cookie-files-in-internet-explorer\" target=\"_blank\" rel=\"noopener\">https:\/\/support.microsoft.com\/es-es\/help\/278835\/how-to-delete-cookie-files-in-internet-explorer<\/a><\/td>\n<\/tr>\n<tr>\n<td>\n<p class=\"negrita\">Firefox. Versi\u00f3n 65.0.1<\/p>\n<\/td>\n<td><a href=\"https:\/\/www.mozilla.org\/es-ES\/privacy\/websites\/#cookies\" target=\"_blank\" rel=\"noopener\">https:\/\/www.mozilla.org\/es-ES\/privacy\/websites\/#cookies<\/a><\/td>\n<\/tr>\n<tr>\n<td>\n<p class=\"negrita\">Safari Versi\u00f3n 5.1<\/p>\n<\/td>\n<td><a href=\"http:\/\/adpcosmetics.com\/Safari%20Versi%C3%B3n%205.1https:\/\/support.apple.com\/es-es\/guide\/safari\/sfri11471\/mac\" target=\"_blank\" rel=\"noopener\">Safari Versi\u00f3n 5.1 https:\/\/support.apple.com\/es-es\/guide\/safari\/sfri11471\/mac<\/a><\/td>\n<\/tr>\n<tr>\n<td style=\"text-align: center;\">\n<p class=\"negrita\">Opera<\/p>\n<\/td>\n<td style=\"text-align: center;\"><a href=\"\/\/help.opera.com\/en\/latest\/security-and-privacy\/#clearBrowsingData\" target=\"_blank\" rel=\"noopener\">Opera https:\/\/help.opera.com\/en\/latest\/security-and-privacy\/#clearBrowsingData<\/a><\/td>\n<\/tr>\n<\/tbody>\n<\/table>\n<\/div>\n<\/div><\/div><style type=\"text\/css\">.fusion-body .fusion-builder-column-1{width:100% !important;margin-top : 0px;margin-bottom : 0px;}.fusion-builder-column-1 > .fusion-column-wrapper {padding-top : 0px !important;padding-right : 0px !important;margin-right : 1.92%;padding-bottom : 0px !important;padding-left : 0px !important;margin-left : 1.92%;}@media only screen and (max-width:1024px) {.fusion-body .fusion-builder-column-1{width:100% !important;}.fusion-builder-column-1 > .fusion-column-wrapper {margin-right : 1.92%;margin-left : 1.92%;}}@media only screen and (max-width:640px) {.fusion-body .fusion-builder-column-1{width:100% !important;}.fusion-builder-column-1 > .fusion-column-wrapper {margin-right : 1.92%;margin-left : 1.92%;}}<\/style><\/div><\/div><style type=\"text\/css\">.fusion-body .fusion-flex-container.fusion-builder-row-2{ padding-top : 0px;margin-top : 20px;padding-right : 5%;padding-bottom : 0px;margin-bottom : 20px;padding-left : 5%;}<\/style><\/div>\n","protected":false},"excerpt":{"rendered":"","protected":false},"author":1,"featured_media":0,"parent":0,"menu_order":0,"comment_status":"closed","ping_status":"closed","template":"","meta":[],"_links":{"self":[{"href":"https:\/\/adpcosmetics.com\/es\/wp-json\/wp\/v2\/pages\/1137"}],"collection":[{"href":"https:\/\/adpcosmetics.com\/es\/wp-json\/wp\/v2\/pages"}],"about":[{"href":"https:\/\/adpcosmetics.com\/es\/wp-json\/wp\/v2\/types\/page"}],"author":[{"embeddable":true,"href":"https:\/\/adpcosmetics.com\/es\/wp-json\/wp\/v2\/users\/1"}],"replies":[{"embeddable":true,"href":"https:\/\/adpcosmetics.com\/es\/wp-json\/wp\/v2\/comments?post=1137"}],"version-history":[{"count":0,"href":"https:\/\/adpcosmetics.com\/es\/wp-json\/wp\/v2\/pages\/1137\/revisions"}],"wp:attachment":[{"href":"https:\/\/adpcosmetics.com\/es\/wp-json\/wp\/v2\/media?parent=1137"}],"curies":[{"name":"wp","href":"https:\/\/api.w.org\/{rel}","templated":true}]}}